{"id":1727,"date":"2020-04-19T23:12:48","date_gmt":"2020-04-19T21:12:48","guid":{"rendered":"https:\/\/www.hoerandlhof.at\/?page_id=1727"},"modified":"2020-05-18T00:30:21","modified_gmt":"2020-05-17T22:30:21","slug":"infos-ausstattung","status":"publish","type":"page","link":"https:\/\/www.hoerandlhof.at\/en\/infos-ausstattung\/","title":{"rendered":"Informations &amp; furnishing"},"content":{"rendered":"<div data-elementor-type=\"wp-page\" data-elementor-id=\"1727\" class=\"elementor elementor-1727\">\n\t\t\t\t\t\t<div class=\"elementor-inner\">\n\t\t\t\t<div class=\"elementor-section-wrap\">\n\t\t\t\t\t\t\t\t\t<section class=\"elementor-section elementor-top-section elementor-element elementor-element-cf8f3c6 elementor-section-height-min-height elementor-section-boxed elementor-section-height-default elementor-section-items-middle\" data-id=\"cf8f3c6\" data-element_type=\"section\" data-settings=\"{&quot;background_background&quot;:&quot;classic&quot;}\">\n\t\t\t\t\t\t\t<div class=\"elementor-background-overlay\"><\/div>\n\t\t\t\t\t\t\t<div class=\"elementor-container elementor-column-gap-default\">\n\t\t\t\t\t\t\t<div class=\"elementor-row\">\n\t\t\t\t\t<div class=\"elementor-column elementor-col-100 elementor-top-column elementor-element elementor-element-766f2784\" data-id=\"766f2784\" data-element_type=\"column\">\n\t\t\t<div class=\"elementor-column-wrap elementor-element-populated\">\n\t\t\t\t\t\t\t<div class=\"elementor-widget-wrap\">\n\t\t\t\t\t\t<div class=\"elementor-element elementor-element-4319803f elementor-widget elementor-widget-heading\" data-id=\"4319803f\" data-element_type=\"widget\" data-settings=\"{&quot;_animation&quot;:&quot;none&quot;,&quot;_animation_delay&quot;:300}\" data-widget_type=\"heading.default\">\n\t\t\t\t<div class=\"elementor-widget-container\">\n\t\t\t<h1 class=\"elementor-heading-title elementor-size-default\">Allgemeine Infos &amp; Ausstattung<\/h1>\t\t<\/div>\n\t\t\t\t<\/div>\n\t\t\t\t\t\t<\/div>\n\t\t\t\t\t<\/div>\n\t\t<\/div>\n\t\t\t\t\t\t\t\t<\/div>\n\t\t\t\t\t<\/div>\n\t\t<\/section>\n\t\t\t\t<section class=\"elementor-section elementor-top-section elementor-element elementor-element-e4d6252 elementor-section-boxed elementor-section-height-default elementor-section-height-default\" data-id=\"e4d6252\" data-element_type=\"section\" data-settings=\"{&quot;background_background&quot;:&quot;classic&quot;}\">\n\t\t\t\t\t\t<div class=\"elementor-container elementor-column-gap-default\">\n\t\t\t\t\t\t\t<div class=\"elementor-row\">\n\t\t\t\t\t<div class=\"elementor-column elementor-col-100 elementor-top-column elementor-element elementor-element-89a6b23\" data-id=\"89a6b23\" data-element_type=\"column\">\n\t\t\t<div class=\"elementor-column-wrap elementor-element-populated\">\n\t\t\t\t\t\t\t<div class=\"elementor-widget-wrap\">\n\t\t\t\t\t\t<div class=\"elementor-element elementor-element-348b2d9 elementor-widget elementor-widget-spacer\" data-id=\"348b2d9\" data-element_type=\"widget\" data-widget_type=\"spacer.default\">\n\t\t\t\t<div class=\"elementor-widget-container\">\n\t\t\t\t\t<div class=\"elementor-spacer\">\n\t\t\t<div class=\"elementor-spacer-inner\"><\/div>\n\t\t<\/div>\n\t\t\t\t<\/div>\n\t\t\t\t<\/div>\n\t\t\t\t\t\t<\/div>\n\t\t\t\t\t<\/div>\n\t\t<\/div>\n\t\t\t\t\t\t\t\t<\/div>\n\t\t\t\t\t<\/div>\n\t\t<\/section>\n\t\t\t\t<section class=\"elementor-section elementor-top-section elementor-element elementor-element-20443de elementor-section-boxed elementor-section-height-default elementor-section-height-default\" data-id=\"20443de\" data-element_type=\"section\" data-settings=\"{&quot;background_background&quot;:&quot;classic&quot;}\">\n\t\t\t\t\t\t<div class=\"elementor-container elementor-column-gap-default\">\n\t\t\t\t\t\t\t<div class=\"elementor-row\">\n\t\t\t\t\t<div class=\"elementor-column elementor-col-50 elementor-top-column elementor-element elementor-element-2476b27\" data-id=\"2476b27\" data-element_type=\"column\">\n\t\t\t<div class=\"elementor-column-wrap elementor-element-populated\">\n\t\t\t\t\t\t\t<div class=\"elementor-widget-wrap\">\n\t\t\t\t\t\t<div class=\"elementor-element elementor-element-fbac3d6 elementor-widget elementor-widget-text-editor\" data-id=\"fbac3d6\" data-element_type=\"widget\" data-widget_type=\"text-editor.default\">\n\t\t\t\t<div class=\"elementor-widget-container\">\n\t\t\t\t\t\t\t\t<div class=\"elementor-text-editor elementor-clearfix\">\n\t\t\t\t<div><div><div><h2>Mindesbuchungsalter<\/h2><div>Das Mindestbuchungsalter betr\u00e4gt 18 Jahre.<\/div><div>\u00a0<\/div><h2>Current prices<\/h2><p>Kinder jeden Alters sind willkommen.<\/p><p>Kinder unter 4 Jahren d\u00fcrfen kostenlos bei uns n\u00e4chtigen.<\/p><p>Kinder zwischen 5 und 15 Jahren zahlen 5\u20ac in der Almwohnung und 7\u20ac in den \u00fcbrigen Wohnungen pro Kind, pro Nacht.<\/p><p>Kinder ab 16 Jahren gelten bei uns als Erwachsene.<\/p><\/div><div><div>\u00a0<\/div><\/div><div><h2>Zahlungsm\u00f6glichkeiten<\/h2><div><p>Barzahlung<\/p><\/div><div><p>\u00dcberweisung<\/p><\/div><\/div><div><h2>Besondere Eignung<\/h2><div><p>Paare<\/p><\/div><div><p>Gruppen<\/p><\/div><div><p>Familien<\/p><\/div><div><p>Tagungen<\/p><\/div><div><p>Seminare<\/p><\/div><div>\u00a0<\/div><div><p>\u00a0<\/p><\/div><\/div><\/div><div><div><h2>Essen und Trinken<\/h2><div><p>Br\u00f6tchenservice<\/p><\/div><\/div><div><h2>Gesprochene Sprachen<\/h2><div><p>Deutsch<\/p><\/div><div><p>Englisch<\/p><\/div><div><p>Italienisch<\/p><h2>Weitere Informationen<\/h2><div>Das Rauchen in den R\u00e4umlichkeiten ist nicht gestattet.<\/div><div>\u00a0<\/div><div>G\u00e4ste m\u00fcssen sich zwischen 22:00 Uhr und 07:00 Uhr leise verhalten.<\/div><div>\u00a0<\/div><div>Haustiere sind auf Anfrage gestattet. M\u00f6glicherweise fallen Geb\u00fchren an.<\/div><\/div><\/div><\/div><\/div>\t\t\t\t\t<\/div>\n\t\t\t\t\t\t<\/div>\n\t\t\t\t<\/div>\n\t\t\t\t\t\t<\/div>\n\t\t\t\t\t<\/div>\n\t\t<\/div>\n\t\t\t\t<div class=\"elementor-column elementor-col-50 elementor-top-column elementor-element elementor-element-c5c5e96\" data-id=\"c5c5e96\" data-element_type=\"column\">\n\t\t\t<div class=\"elementor-column-wrap elementor-element-populated\">\n\t\t\t\t\t\t\t<div class=\"elementor-widget-wrap\">\n\t\t\t\t\t\t<div class=\"elementor-element elementor-element-35324e6 elementor-widget elementor-widget-text-editor\" data-id=\"35324e6\" data-element_type=\"widget\" data-widget_type=\"text-editor.default\">\n\t\t\t\t<div class=\"elementor-widget-container\">\n\t\t\t\t\t\t\t\t<div class=\"elementor-text-editor elementor-clearfix\">\n\t\t\t\t<div><div><h2>Unterkunftsausstattung<\/h2><div><p>Liegewiese<\/p><\/div><div><p>Parkpl\u00e4tze<\/p><p>Skikeller mit Skischuhtrockner<\/p><\/div><div><p>Sonnenterrasse<\/p><\/div><div><p>Grillplatz<\/p><\/div><div><p>Internet<\/p><\/div><div><p>Gaststube<\/p><\/div><div><p>Gro\u00dfbildschirm<\/p><\/div><div><p>Wireless LAN<\/p><\/div><div><p>Kachelofen<\/p><\/div><div><p>Skischuhtrockner<\/p><\/div><\/div><div><h2>Familie und Kinder<\/h2><div><p>Spielplatz<\/p><\/div><div><p>Kindererm\u00e4\u00dfigung<\/p><\/div><div><p>Tiere am Hof<\/p><\/div><\/div><\/div>\t\t\t\t\t<\/div>\n\t\t\t\t\t\t<\/div>\n\t\t\t\t<\/div>\n\t\t\t\t\t\t<\/div>\n\t\t\t\t\t<\/div>\n\t\t<\/div>\n\t\t\t\t\t\t\t\t<\/div>\n\t\t\t\t\t<\/div>\n\t\t<\/section>\n\t\t\t\t\t\t\t\t\t<\/div>\n\t\t\t<\/div>\n\t\t\t\t\t<\/div>","protected":false},"excerpt":{"rendered":"<p>Allgemeine Infos &amp; Ausstattung Mindesbuchungsalter Das Mindestbuchungsalter betr\u00e4gt 18 Jahre.&nbsp; Preise Kinder jeden Alters sind willkommen. Kinder unter 4 Jahren d\u00fcrfen kostenlos bei uns n\u00e4chtigen. Kinder zwischen 5 und 15 Jahren zahlen 5\u20ac in der Almwohnung und 7\u20ac in den \u00fcbrigen Wohnungen pro Kind, pro Nacht. Kinder ab 16 Jahren gelten bei uns als Erwachsene. &hellip;<\/p>\n<p class=\"read-more\"> <a class=\"\" href=\"https:\/\/www.hoerandlhof.at\/en\/infos-ausstattung\/\"> <span class=\"screen-reader-text\">Informations &amp; furnishing<\/span> Read More &raquo;<\/a><\/p>","protected":false},"author":1,"featured_media":0,"parent":0,"menu_order":0,"comment_status":"closed","ping_status":"closed","template":"","meta":{"site-sidebar-layout":"no-sidebar","site-content-layout":"page-builder","ast-global-header-display":"","ast-main-header-display":"","ast-hfb-above-header-display":"","ast-hfb-below-header-display":"","ast-hfb-mobile-header-display":"","site-post-title":"disabled","ast-breadcrumbs-content":"","ast-featured-img":"disabled","footer-sml-layout":"","theme-transparent-header-meta":"default","adv-header-id-meta":"","stick-header-meta":"","header-above-stick-meta":"","header-main-stick-meta":"","header-below-stick-meta":""},"yoast_head":"<!-- This site is optimized with the Yoast SEO plugin v19.13 - https:\/\/yoast.com\/wordpress\/plugins\/seo\/ -->\n<title>Infos &amp; Ausstattung - H\u00f6randlhof<\/title>\n<meta name=\"robots\" content=\"index, follow, max-snippet:-1, max-image-preview:large, max-video-preview:-1\" \/>\n<link rel=\"canonical\" href=\"https:\/\/www.hoerandlhof.at\/en\/infos-ausstattung\/\" \/>\n<meta property=\"og:locale\" content=\"en_GB\" \/>\n<meta property=\"og:type\" content=\"article\" \/>\n<meta property=\"og:title\" content=\"Infos &amp; Ausstattung - H\u00f6randlhof\" \/>\n<meta property=\"og:description\" content=\"Allgemeine Infos &amp; Ausstattung Mindesbuchungsalter Das Mindestbuchungsalter betr\u00e4gt 18 Jahre.&nbsp; Preise Kinder jeden Alters sind willkommen. Kinder unter 4 Jahren d\u00fcrfen kostenlos bei uns n\u00e4chtigen. Kinder zwischen 5 und 15 Jahren zahlen 5\u20ac in der Almwohnung und 7\u20ac in den \u00fcbrigen Wohnungen pro Kind, pro Nacht. Kinder ab 16 Jahren gelten bei uns als Erwachsene. &hellip; Infos &#038; Ausstattung Read More &raquo;\" \/>\n<meta property=\"og:url\" content=\"https:\/\/www.hoerandlhof.at\/en\/infos-ausstattung\/\" \/>\n<meta property=\"og:site_name\" content=\"H\u00f6randlhof\" \/>\n<meta property=\"article:publisher\" content=\"https:\/\/www.facebook.com\/hoerandlhof\" \/>\n<meta property=\"article:modified_time\" content=\"2020-05-17T22:30:21+00:00\" \/>\n<meta name=\"twitter:card\" content=\"summary_large_image\" \/>\n<meta name=\"twitter:label1\" content=\"Estimated reading time\" \/>\n\t<meta name=\"twitter:data1\" content=\"1 minute\" \/>\n<script type=\"application\/ld+json\" class=\"yoast-schema-graph\">{\"@context\":\"https:\/\/schema.org\",\"@graph\":[{\"@type\":\"WebPage\",\"@id\":\"https:\/\/www.hoerandlhof.at\/infos-ausstattung\/\",\"url\":\"https:\/\/www.hoerandlhof.at\/infos-ausstattung\/\",\"name\":\"Infos & Ausstattung - H\u00f6randlhof\",\"isPartOf\":{\"@id\":\"https:\/\/www.hoerandlhof.at\/#website\"},\"datePublished\":\"2020-04-19T21:12:48+00:00\",\"dateModified\":\"2020-05-17T22:30:21+00:00\",\"breadcrumb\":{\"@id\":\"https:\/\/www.hoerandlhof.at\/infos-ausstattung\/#breadcrumb\"},\"inLanguage\":\"en-GB\",\"potentialAction\":[{\"@type\":\"ReadAction\",\"target\":[\"https:\/\/www.hoerandlhof.at\/infos-ausstattung\/\"]}]},{\"@type\":\"BreadcrumbList\",\"@id\":\"https:\/\/www.hoerandlhof.at\/infos-ausstattung\/#breadcrumb\",\"itemListElement\":[{\"@type\":\"ListItem\",\"position\":1,\"name\":\"Home\",\"item\":\"https:\/\/www.hoerandlhof.at\/\"},{\"@type\":\"ListItem\",\"position\":2,\"name\":\"Infos &#038; Ausstattung\"}]},{\"@type\":\"WebSite\",\"@id\":\"https:\/\/www.hoerandlhof.at\/#website\",\"url\":\"https:\/\/www.hoerandlhof.at\/\",\"name\":\"H\u00f6randlhof\",\"description\":\"Ferienwohungen in Aigen im Ennstal\",\"publisher\":{\"@id\":\"https:\/\/www.hoerandlhof.at\/#organization\"},\"potentialAction\":[{\"@type\":\"SearchAction\",\"target\":{\"@type\":\"EntryPoint\",\"urlTemplate\":\"https:\/\/www.hoerandlhof.at\/?s={search_term_string}\"},\"query-input\":\"required name=search_term_string\"}],\"inLanguage\":\"en-GB\"},{\"@type\":\"Organization\",\"@id\":\"https:\/\/www.hoerandlhof.at\/#organization\",\"name\":\"Ferienwohnungen H\u00f6randlhof\",\"url\":\"https:\/\/www.hoerandlhof.at\/\",\"logo\":{\"@type\":\"ImageObject\",\"inLanguage\":\"en-GB\",\"@id\":\"https:\/\/www.hoerandlhof.at\/#\/schema\/logo\/image\/\",\"url\":\"https:\/\/www.hoerandlhof.at\/wp-content\/uploads\/2020\/02\/Logo-6_transparent.png\",\"contentUrl\":\"https:\/\/www.hoerandlhof.at\/wp-content\/uploads\/2020\/02\/Logo-6_transparent.png\",\"width\":3679,\"height\":1474,\"caption\":\"Ferienwohnungen H\u00f6randlhof\"},\"image\":{\"@id\":\"https:\/\/www.hoerandlhof.at\/#\/schema\/logo\/image\/\"},\"sameAs\":[\"https:\/\/www.instagram.com\/hoerandlhof\/\",\"https:\/\/www.facebook.com\/hoerandlhof\"]}]}<\/script>\n<!-- \/ Yoast SEO plugin. -->","yoast_head_json":{"title":"Infos & Ausstattung - H\u00f6randlhof","robots":{"index":"index","follow":"follow","max-snippet":"max-snippet:-1","max-image-preview":"max-image-preview:large","max-video-preview":"max-video-preview:-1"},"canonical":"https:\/\/www.hoerandlhof.at\/en\/infos-ausstattung\/","og_locale":"en_GB","og_type":"article","og_title":"Infos & Ausstattung - H\u00f6randlhof","og_description":"Allgemeine Infos &amp; Ausstattung Mindesbuchungsalter Das Mindestbuchungsalter betr\u00e4gt 18 Jahre.&nbsp; Preise Kinder jeden Alters sind willkommen. Kinder unter 4 Jahren d\u00fcrfen kostenlos bei uns n\u00e4chtigen. Kinder zwischen 5 und 15 Jahren zahlen 5\u20ac in der Almwohnung und 7\u20ac in den \u00fcbrigen Wohnungen pro Kind, pro Nacht. Kinder ab 16 Jahren gelten bei uns als Erwachsene. &hellip; Infos &#038; Ausstattung Read More &raquo;","og_url":"https:\/\/www.hoerandlhof.at\/en\/infos-ausstattung\/","og_site_name":"H\u00f6randlhof","article_publisher":"https:\/\/www.facebook.com\/hoerandlhof","article_modified_time":"2020-05-17T22:30:21+00:00","twitter_card":"summary_large_image","twitter_misc":{"Estimated reading time":"1 minute"},"schema":{"@context":"https:\/\/schema.org","@graph":[{"@type":"WebPage","@id":"https:\/\/www.hoerandlhof.at\/infos-ausstattung\/","url":"https:\/\/www.hoerandlhof.at\/infos-ausstattung\/","name":"Infos & Ausstattung - H\u00f6randlhof","isPartOf":{"@id":"https:\/\/www.hoerandlhof.at\/#website"},"datePublished":"2020-04-19T21:12:48+00:00","dateModified":"2020-05-17T22:30:21+00:00","breadcrumb":{"@id":"https:\/\/www.hoerandlhof.at\/infos-ausstattung\/#breadcrumb"},"inLanguage":"en-GB","potentialAction":[{"@type":"ReadAction","target":["https:\/\/www.hoerandlhof.at\/infos-ausstattung\/"]}]},{"@type":"BreadcrumbList","@id":"https:\/\/www.hoerandlhof.at\/infos-ausstattung\/#breadcrumb","itemListElement":[{"@type":"ListItem","position":1,"name":"Home","item":"https:\/\/www.hoerandlhof.at\/"},{"@type":"ListItem","position":2,"name":"Infos &#038; Ausstattung"}]},{"@type":"WebSite","@id":"https:\/\/www.hoerandlhof.at\/#website","url":"https:\/\/www.hoerandlhof.at\/","name":"H\u00f6randlhof","description":"Ferienwohungen in Aigen im Ennstal","publisher":{"@id":"https:\/\/www.hoerandlhof.at\/#organization"},"potentialAction":[{"@type":"SearchAction","target":{"@type":"EntryPoint","urlTemplate":"https:\/\/www.hoerandlhof.at\/?s={search_term_string}"},"query-input":"required name=search_term_string"}],"inLanguage":"en-GB"},{"@type":"Organization","@id":"https:\/\/www.hoerandlhof.at\/#organization","name":"Ferienwohnungen H\u00f6randlhof","url":"https:\/\/www.hoerandlhof.at\/","logo":{"@type":"ImageObject","inLanguage":"en-GB","@id":"https:\/\/www.hoerandlhof.at\/#\/schema\/logo\/image\/","url":"https:\/\/www.hoerandlhof.at\/wp-content\/uploads\/2020\/02\/Logo-6_transparent.png","contentUrl":"https:\/\/www.hoerandlhof.at\/wp-content\/uploads\/2020\/02\/Logo-6_transparent.png","width":3679,"height":1474,"caption":"Ferienwohnungen H\u00f6randlhof"},"image":{"@id":"https:\/\/www.hoerandlhof.at\/#\/schema\/logo\/image\/"},"sameAs":["https:\/\/www.instagram.com\/hoerandlhof\/","https:\/\/www.facebook.com\/hoerandlhof"]}]}},"_links":{"self":[{"href":"https:\/\/www.hoerandlhof.at\/en\/wp-json\/wp\/v2\/pages\/1727"}],"collection":[{"href":"https:\/\/www.hoerandlhof.at\/en\/wp-json\/wp\/v2\/pages"}],"about":[{"href":"https:\/\/www.hoerandlhof.at\/en\/wp-json\/wp\/v2\/types\/page"}],"author":[{"embeddable":true,"href":"https:\/\/www.hoerandlhof.at\/en\/wp-json\/wp\/v2\/users\/1"}],"replies":[{"embeddable":true,"href":"https:\/\/www.hoerandlhof.at\/en\/wp-json\/wp\/v2\/comments?post=1727"}],"version-history":[{"count":14,"href":"https:\/\/www.hoerandlhof.at\/en\/wp-json\/wp\/v2\/pages\/1727\/revisions"}],"predecessor-version":[{"id":2106,"href":"https:\/\/www.hoerandlhof.at\/en\/wp-json\/wp\/v2\/pages\/1727\/revisions\/2106"}],"wp:attachment":[{"href":"https:\/\/www.hoerandlhof.at\/en\/wp-json\/wp\/v2\/media?parent=1727"}],"curies":[{"name":"wp","href":"https:\/\/api.w.org\/{rel}","templated":true}]}}