{"id":1513,"date":"2020-03-01T01:02:20","date_gmt":"2020-03-01T00:02:20","guid":{"rendered":"https:\/\/www.hoerandlhof.at\/?page_id=1513"},"modified":"2023-01-02T11:02:54","modified_gmt":"2023-01-02T10:02:54","slug":"geschichte-des-hauses","status":"publish","type":"page","link":"https:\/\/www.hoerandlhof.at\/en\/dahoam\/geschichte-des-hauses\/","title":{"rendered":"Our History"},"content":{"rendered":"<div data-elementor-type=\"wp-page\" data-elementor-id=\"1513\" class=\"elementor elementor-1513\">\n\t\t\t\t\t\t<div class=\"elementor-inner\">\n\t\t\t\t<div class=\"elementor-section-wrap\">\n\t\t\t\t\t\t\t\t\t<section class=\"elementor-section elementor-top-section elementor-element elementor-element-d339f79 elementor-section-stretched elementor-section-height-min-height elementor-section-full_width elementor-section-height-default elementor-section-items-middle\" data-id=\"d339f79\" data-element_type=\"section\" data-settings=\"{&quot;stretch_section&quot;:&quot;section-stretched&quot;,&quot;background_background&quot;:&quot;classic&quot;}\">\n\t\t\t\t\t\t\t<div class=\"elementor-background-overlay\"><\/div>\n\t\t\t\t\t\t\t<div class=\"elementor-container elementor-column-gap-default\">\n\t\t\t\t\t\t\t<div class=\"elementor-row\">\n\t\t\t\t\t<div class=\"elementor-column elementor-col-100 elementor-top-column elementor-element elementor-element-83acba0\" data-id=\"83acba0\" data-element_type=\"column\">\n\t\t\t<div class=\"elementor-column-wrap elementor-element-populated\">\n\t\t\t\t\t\t\t<div class=\"elementor-widget-wrap\">\n\t\t\t\t\t\t<div class=\"elementor-element elementor-element-e55d46e elementor-widget elementor-widget-heading\" data-id=\"e55d46e\" data-element_type=\"widget\" data-settings=\"{&quot;_animation&quot;:&quot;none&quot;,&quot;_animation_delay&quot;:300}\" data-widget_type=\"heading.default\">\n\t\t\t\t<div class=\"elementor-widget-container\">\n\t\t\t<h1 class=\"elementor-heading-title elementor-size-default\">Die Geschichte des H\u00f6randlhofes<\/h1>\t\t<\/div>\n\t\t\t\t<\/div>\n\t\t\t\t\t\t<\/div>\n\t\t\t\t\t<\/div>\n\t\t<\/div>\n\t\t\t\t\t\t\t\t<\/div>\n\t\t\t\t\t<\/div>\n\t\t<\/section>\n\t\t\t\t<section class=\"elementor-section elementor-top-section elementor-element elementor-element-1f0ad66 elementor-section-height-min-height elementor-section-boxed elementor-section-height-default elementor-section-items-middle\" data-id=\"1f0ad66\" data-element_type=\"section\" data-settings=\"{&quot;background_background&quot;:&quot;classic&quot;}\">\n\t\t\t\t\t\t\t<div class=\"elementor-background-overlay\"><\/div>\n\t\t\t\t\t\t\t<div class=\"elementor-container elementor-column-gap-default\">\n\t\t\t\t\t\t\t<div class=\"elementor-row\">\n\t\t\t\t\t<div class=\"elementor-column elementor-col-50 elementor-top-column elementor-element elementor-element-66cba4c\" data-id=\"66cba4c\" data-element_type=\"column\" data-settings=\"{&quot;background_background&quot;:&quot;classic&quot;}\">\n\t\t\t<div class=\"elementor-column-wrap elementor-element-populated\">\n\t\t\t\t\t\t\t<div class=\"elementor-widget-wrap\">\n\t\t\t\t\t\t<div class=\"elementor-element elementor-element-162209b elementor-widget elementor-widget-text-editor\" data-id=\"162209b\" data-element_type=\"widget\" data-widget_type=\"text-editor.default\">\n\t\t\t\t<div class=\"elementor-widget-container\">\n\t\t\t\t\t\t\t\t<div class=\"elementor-text-editor elementor-clearfix\">\n\t\t\t\t<p>\u201eEst. 1347\u201c steht auf unserem Logo und tats\u00e4chlich wurde der \u201eH\u00f6randlhof\u201c oder das \u201eH\u00f6randlgut\u201c um 1347 erstmals urkundlich erw\u00e4hnt. Der Name leitet sich vom damaligen Besitzer \u201eHerrant\u201c ab, ein typischer mittelalterlicher Name, \u00e4hnlich wie etwa Hermann.<\/p><p>W\u00e4hrend die H\u00f6fe ringsum lange Zeit vom Lehensherren abh\u00e4ngige H\u00f6fe waren, war das \u201eH\u00f6randlgut\u201c ein freier Hof, was auch auf die bis heute w\u00e4hrende Alleinlage schlie\u00dfen l\u00e4sst.<\/p>\t\t\t\t\t<\/div>\n\t\t\t\t\t\t<\/div>\n\t\t\t\t<\/div>\n\t\t\t\t\t\t<\/div>\n\t\t\t\t\t<\/div>\n\t\t<\/div>\n\t\t\t\t<div class=\"elementor-column elementor-col-50 elementor-top-column elementor-element elementor-element-fa3a90a\" data-id=\"fa3a90a\" data-element_type=\"column\" data-settings=\"{&quot;background_background&quot;:&quot;classic&quot;}\">\n\t\t\t<div class=\"elementor-column-wrap elementor-element-populated\">\n\t\t\t\t\t\t\t<div class=\"elementor-widget-wrap\">\n\t\t\t\t\t\t<div class=\"elementor-element elementor-element-f8f9844 elementor-widget elementor-widget-spacer\" data-id=\"f8f9844\" data-element_type=\"widget\" data-widget_type=\"spacer.default\">\n\t\t\t\t<div class=\"elementor-widget-container\">\n\t\t\t\t\t<div class=\"elementor-spacer\">\n\t\t\t<div class=\"elementor-spacer-inner\"><\/div>\n\t\t<\/div>\n\t\t\t\t<\/div>\n\t\t\t\t<\/div>\n\t\t\t\t\t\t<\/div>\n\t\t\t\t\t<\/div>\n\t\t<\/div>\n\t\t\t\t\t\t\t\t<\/div>\n\t\t\t\t\t<\/div>\n\t\t<\/section>\n\t\t\t\t<section class=\"elementor-section elementor-top-section elementor-element elementor-element-323a5f6 elementor-section-height-min-height elementor-section-boxed elementor-section-height-default elementor-section-items-middle\" data-id=\"323a5f6\" data-element_type=\"section\" data-settings=\"{&quot;background_background&quot;:&quot;classic&quot;}\">\n\t\t\t\t\t\t\t<div class=\"elementor-background-overlay\"><\/div>\n\t\t\t\t\t\t\t<div class=\"elementor-container elementor-column-gap-default\">\n\t\t\t\t\t\t\t<div class=\"elementor-row\">\n\t\t\t\t\t<div class=\"elementor-column elementor-col-50 elementor-top-column elementor-element elementor-element-8ccf993\" data-id=\"8ccf993\" data-element_type=\"column\" data-settings=\"{&quot;background_background&quot;:&quot;classic&quot;}\">\n\t\t\t<div class=\"elementor-column-wrap elementor-element-populated\">\n\t\t\t\t\t\t\t<div class=\"elementor-widget-wrap\">\n\t\t\t\t\t\t<div class=\"elementor-element elementor-element-9de910d elementor-widget elementor-widget-spacer\" data-id=\"9de910d\" data-element_type=\"widget\" data-widget_type=\"spacer.default\">\n\t\t\t\t<div class=\"elementor-widget-container\">\n\t\t\t\t\t<div class=\"elementor-spacer\">\n\t\t\t<div class=\"elementor-spacer-inner\"><\/div>\n\t\t<\/div>\n\t\t\t\t<\/div>\n\t\t\t\t<\/div>\n\t\t\t\t\t\t<\/div>\n\t\t\t\t\t<\/div>\n\t\t<\/div>\n\t\t\t\t<div class=\"elementor-column elementor-col-50 elementor-top-column elementor-element elementor-element-b08c3c0\" data-id=\"b08c3c0\" data-element_type=\"column\">\n\t\t\t<div class=\"elementor-column-wrap elementor-element-populated\">\n\t\t\t\t\t\t\t<div class=\"elementor-widget-wrap\">\n\t\t\t\t\t\t<div class=\"elementor-element elementor-element-fc36077 elementor-widget elementor-widget-text-editor\" data-id=\"fc36077\" data-element_type=\"widget\" data-widget_type=\"text-editor.default\">\n\t\t\t\t<div class=\"elementor-widget-container\">\n\t\t\t\t\t\t\t\t<div class=\"elementor-text-editor elementor-clearfix\">\n\t\t\t\t<p>In unsere Familie gelangte der H\u00f6randlhof im Jahr 1936, als die damaligen Besitzer diesen besonderen Platz verkaufen wollten und Martinas Urgro\u00dfmutter Juliane Gerl vlg. Sch\u00fcttner in Ritzmannsdorf die Chance ergriff, sowohl Wiesen als auch den dazugeh\u00f6rigen Wald zu erwerben. In den folgenden Jahren wurde das \u201eHirandl\u201c, wie es im Dialekt genannt wird, als Lehen genutzt, um die Rinder im Sommer auf diesen frischen, saftigen Wiesen weiden zu lassen.<\/p>\t\t\t\t\t<\/div>\n\t\t\t\t\t\t<\/div>\n\t\t\t\t<\/div>\n\t\t\t\t\t\t<\/div>\n\t\t\t\t\t<\/div>\n\t\t<\/div>\n\t\t\t\t\t\t\t\t<\/div>\n\t\t\t\t\t<\/div>\n\t\t<\/section>\n\t\t\t\t<section class=\"elementor-section elementor-top-section elementor-element elementor-element-ef97807 elementor-section-height-min-height elementor-section-boxed elementor-section-height-default elementor-section-items-middle\" data-id=\"ef97807\" data-element_type=\"section\" data-settings=\"{&quot;background_background&quot;:&quot;classic&quot;}\">\n\t\t\t\t\t\t\t<div class=\"elementor-background-overlay\"><\/div>\n\t\t\t\t\t\t\t<div class=\"elementor-container elementor-column-gap-default\">\n\t\t\t\t\t\t\t<div class=\"elementor-row\">\n\t\t\t\t\t<div class=\"elementor-column elementor-col-50 elementor-top-column elementor-element elementor-element-a6c0369\" data-id=\"a6c0369\" data-element_type=\"column\">\n\t\t\t<div class=\"elementor-column-wrap elementor-element-populated\">\n\t\t\t\t\t\t\t<div class=\"elementor-widget-wrap\">\n\t\t\t\t\t\t<div class=\"elementor-element elementor-element-427dfa7 elementor-widget elementor-widget-text-editor\" data-id=\"427dfa7\" data-element_type=\"widget\" data-widget_type=\"text-editor.default\">\n\t\t\t\t<div class=\"elementor-widget-container\">\n\t\t\t\t\t\t\t\t<div class=\"elementor-text-editor elementor-clearfix\">\n\t\t\t\t<p>Als Martinas Gro\u00dfeltern Max und Josefa Gerl 1948 zum H\u00f6randl zogen, lag sehr viel Arbeit vor ihnen, um hier ganzj\u00e4hrig wohnen zu k\u00f6nnen. Ihrem Flei\u00df ist es zu verdanken, dass das Haus stetig wuchs und schon bald die ersten \u201eSommerfrischler\u201c hier wohnen sollten. F\u00fcr die G\u00e4ste zog die Familie mit ihren T\u00f6chtern Veronika und Selma immer den ganzen Sommer aus ihren Zimmern aus.Besonders die Zeit der Segelflugschule Aigen brachte dem Ort und auch unserem Haus einen enormen Aufschwung.<\/p><p>Mit dem Tod von Opa Max Gerl 1997 \u00fcbernahm Martinas Mutter Selma den H\u00f6randlhof und f\u00fchrte die Pension ihrer Eltern mit 8-14 Doppelzimmern weiter.<\/p>\t\t\t\t\t<\/div>\n\t\t\t\t\t\t<\/div>\n\t\t\t\t<\/div>\n\t\t\t\t\t\t<\/div>\n\t\t\t\t\t<\/div>\n\t\t<\/div>\n\t\t\t\t<div class=\"elementor-column elementor-col-50 elementor-top-column elementor-element elementor-element-d69e136\" data-id=\"d69e136\" data-element_type=\"column\" data-settings=\"{&quot;background_background&quot;:&quot;classic&quot;}\">\n\t\t\t<div class=\"elementor-column-wrap elementor-element-populated\">\n\t\t\t\t\t\t\t<div class=\"elementor-widget-wrap\">\n\t\t\t\t\t\t<div class=\"elementor-element elementor-element-2882087 elementor-widget elementor-widget-spacer\" data-id=\"2882087\" data-element_type=\"widget\" data-widget_type=\"spacer.default\">\n\t\t\t\t<div class=\"elementor-widget-container\">\n\t\t\t\t\t<div class=\"elementor-spacer\">\n\t\t\t<div class=\"elementor-spacer-inner\"><\/div>\n\t\t<\/div>\n\t\t\t\t<\/div>\n\t\t\t\t<\/div>\n\t\t\t\t\t\t<\/div>\n\t\t\t\t\t<\/div>\n\t\t<\/div>\n\t\t\t\t\t\t\t\t<\/div>\n\t\t\t\t\t<\/div>\n\t\t<\/section>\n\t\t\t\t<section class=\"elementor-section elementor-top-section elementor-element elementor-element-45f4ed7 elementor-section-height-min-height elementor-section-boxed elementor-section-height-default elementor-section-items-middle\" data-id=\"45f4ed7\" data-element_type=\"section\" data-settings=\"{&quot;background_background&quot;:&quot;classic&quot;}\">\n\t\t\t\t\t\t\t<div class=\"elementor-background-overlay\"><\/div>\n\t\t\t\t\t\t\t<div class=\"elementor-container elementor-column-gap-default\">\n\t\t\t\t\t\t\t<div class=\"elementor-row\">\n\t\t\t\t\t<div class=\"elementor-column elementor-col-50 elementor-top-column elementor-element elementor-element-c2a5ac2\" data-id=\"c2a5ac2\" data-element_type=\"column\" data-settings=\"{&quot;background_background&quot;:&quot;classic&quot;}\">\n\t\t\t<div class=\"elementor-column-wrap elementor-element-populated\">\n\t\t\t\t\t\t\t<div class=\"elementor-widget-wrap\">\n\t\t\t\t\t\t<div class=\"elementor-element elementor-element-cd9f9fa elementor-widget elementor-widget-spacer\" data-id=\"cd9f9fa\" data-element_type=\"widget\" data-widget_type=\"spacer.default\">\n\t\t\t\t<div class=\"elementor-widget-container\">\n\t\t\t\t\t<div class=\"elementor-spacer\">\n\t\t\t<div class=\"elementor-spacer-inner\"><\/div>\n\t\t<\/div>\n\t\t\t\t<\/div>\n\t\t\t\t<\/div>\n\t\t\t\t\t\t<\/div>\n\t\t\t\t\t<\/div>\n\t\t<\/div>\n\t\t\t\t<div class=\"elementor-column elementor-col-50 elementor-top-column elementor-element elementor-element-2271d66\" data-id=\"2271d66\" data-element_type=\"column\">\n\t\t\t<div class=\"elementor-column-wrap elementor-element-populated\">\n\t\t\t\t\t\t\t<div class=\"elementor-widget-wrap\">\n\t\t\t\t\t\t<div class=\"elementor-element elementor-element-19c9a7b elementor-widget elementor-widget-text-editor\" data-id=\"19c9a7b\" data-element_type=\"widget\" data-widget_type=\"text-editor.default\">\n\t\t\t\t<div class=\"elementor-widget-container\">\n\t\t\t\t\t\t\t\t<div class=\"elementor-text-editor elementor-clearfix\">\n\t\t\t\t<p>2019 wurden schlie\u00dflich Martina und ihrem Mann Gregor die Geschicke des Hauses \u00fcberlassen und in 9monatiger Umbauzeit wurde daraus der H\u00f6randlhof, wie er nun dasteht, gedacht als Haus zur Entspannung und Erholung mit vier gro\u00dfen Ferienwohnungen und dem ehemaligen Gastzimmer als Aufenthaltsraum f\u00fcr die G\u00e4ste.<\/p>\t\t\t\t\t<\/div>\n\t\t\t\t\t\t<\/div>\n\t\t\t\t<\/div>\n\t\t\t\t\t\t<\/div>\n\t\t\t\t\t<\/div>\n\t\t<\/div>\n\t\t\t\t\t\t\t\t<\/div>\n\t\t\t\t\t<\/div>\n\t\t<\/section>\n\t\t\t\t\t\t\t\t\t<\/div>\n\t\t\t<\/div>\n\t\t\t\t\t<\/div>","protected":false},"excerpt":{"rendered":"<p>Die Geschichte des H\u00f6randlhofes \u201eEst. 1347\u201c steht auf unserem Logo und tats\u00e4chlich wurde der \u201eH\u00f6randlhof\u201c oder das \u201eH\u00f6randlgut\u201c um 1347 erstmals urkundlich erw\u00e4hnt. Der Name leitet sich vom damaligen Besitzer \u201eHerrant\u201c ab, ein typischer mittelalterlicher Name, \u00e4hnlich wie etwa Hermann. W\u00e4hrend die H\u00f6fe ringsum lange Zeit vom Lehensherren abh\u00e4ngige H\u00f6fe waren, war das \u201eH\u00f6randlgut\u201c ein &hellip;<\/p>\n<p class=\"read-more\"> <a class=\"\" href=\"https:\/\/www.hoerandlhof.at\/en\/dahoam\/geschichte-des-hauses\/\"> <span class=\"screen-reader-text\">Our History<\/span> Read More &raquo;<\/a><\/p>","protected":false},"author":1,"featured_media":0,"parent":6,"menu_order":0,"comment_status":"closed","ping_status":"closed","template":"elementor_header_footer","meta":{"site-sidebar-layout":"no-sidebar","site-content-layout":"page-builder","ast-global-header-display":"","ast-main-header-display":"","ast-hfb-above-header-display":"","ast-hfb-below-header-display":"","ast-hfb-mobile-header-display":"","site-post-title":"disabled","ast-breadcrumbs-content":"","ast-featured-img":"disabled","footer-sml-layout":"","theme-transparent-header-meta":"default","adv-header-id-meta":"","stick-header-meta":"","header-above-stick-meta":"","header-main-stick-meta":"","header-below-stick-meta":""},"yoast_head":"<!-- This site is optimized with the Yoast SEO plugin v19.13 - https:\/\/yoast.com\/wordpress\/plugins\/seo\/ -->\n<title>Geschichte des Hauses - H\u00f6randlhof<\/title>\n<meta name=\"robots\" content=\"index, follow, max-snippet:-1, max-image-preview:large, max-video-preview:-1\" \/>\n<link rel=\"canonical\" href=\"https:\/\/www.hoerandlhof.at\/en\/dahoam\/geschichte-des-hauses\/\" \/>\n<meta property=\"og:locale\" content=\"en_GB\" \/>\n<meta property=\"og:type\" content=\"article\" \/>\n<meta property=\"og:title\" content=\"Geschichte des Hauses - H\u00f6randlhof\" \/>\n<meta property=\"og:description\" content=\"Die Geschichte des H\u00f6randlhofes \u201eEst. 1347\u201c steht auf unserem Logo und tats\u00e4chlich wurde der \u201eH\u00f6randlhof\u201c oder das \u201eH\u00f6randlgut\u201c um 1347 erstmals urkundlich erw\u00e4hnt. Der Name leitet sich vom damaligen Besitzer \u201eHerrant\u201c ab, ein typischer mittelalterlicher Name, \u00e4hnlich wie etwa Hermann. W\u00e4hrend die H\u00f6fe ringsum lange Zeit vom Lehensherren abh\u00e4ngige H\u00f6fe waren, war das \u201eH\u00f6randlgut\u201c ein &hellip; Geschichte des Hauses Read More &raquo;\" \/>\n<meta property=\"og:url\" content=\"https:\/\/www.hoerandlhof.at\/en\/dahoam\/geschichte-des-hauses\/\" \/>\n<meta property=\"og:site_name\" content=\"H\u00f6randlhof\" \/>\n<meta property=\"article:publisher\" content=\"https:\/\/www.facebook.com\/hoerandlhof\" \/>\n<meta property=\"article:modified_time\" content=\"2023-01-02T10:02:54+00:00\" \/>\n<meta name=\"twitter:card\" content=\"summary_large_image\" \/>\n<meta name=\"twitter:label1\" content=\"Estimated reading time\" \/>\n\t<meta name=\"twitter:data1\" content=\"2 minutes\" \/>\n<script type=\"application\/ld+json\" class=\"yoast-schema-graph\">{\"@context\":\"https:\/\/schema.org\",\"@graph\":[{\"@type\":\"WebPage\",\"@id\":\"https:\/\/www.hoerandlhof.at\/dahoam\/geschichte-des-hauses\/\",\"url\":\"https:\/\/www.hoerandlhof.at\/dahoam\/geschichte-des-hauses\/\",\"name\":\"Geschichte des Hauses - H\u00f6randlhof\",\"isPartOf\":{\"@id\":\"https:\/\/www.hoerandlhof.at\/#website\"},\"datePublished\":\"2020-03-01T00:02:20+00:00\",\"dateModified\":\"2023-01-02T10:02:54+00:00\",\"breadcrumb\":{\"@id\":\"https:\/\/www.hoerandlhof.at\/dahoam\/geschichte-des-hauses\/#breadcrumb\"},\"inLanguage\":\"en-GB\",\"potentialAction\":[{\"@type\":\"ReadAction\",\"target\":[\"https:\/\/www.hoerandlhof.at\/dahoam\/geschichte-des-hauses\/\"]}]},{\"@type\":\"BreadcrumbList\",\"@id\":\"https:\/\/www.hoerandlhof.at\/dahoam\/geschichte-des-hauses\/#breadcrumb\",\"itemListElement\":[{\"@type\":\"ListItem\",\"position\":1,\"name\":\"Home\",\"item\":\"https:\/\/www.hoerandlhof.at\/\"},{\"@type\":\"ListItem\",\"position\":2,\"name\":\"Dahoam\",\"item\":\"https:\/\/www.hoerandlhof.at\/\"},{\"@type\":\"ListItem\",\"position\":3,\"name\":\"Geschichte des Hauses\"}]},{\"@type\":\"WebSite\",\"@id\":\"https:\/\/www.hoerandlhof.at\/#website\",\"url\":\"https:\/\/www.hoerandlhof.at\/\",\"name\":\"H\u00f6randlhof\",\"description\":\"Ferienwohungen in Aigen im Ennstal\",\"publisher\":{\"@id\":\"https:\/\/www.hoerandlhof.at\/#organization\"},\"potentialAction\":[{\"@type\":\"SearchAction\",\"target\":{\"@type\":\"EntryPoint\",\"urlTemplate\":\"https:\/\/www.hoerandlhof.at\/?s={search_term_string}\"},\"query-input\":\"required name=search_term_string\"}],\"inLanguage\":\"en-GB\"},{\"@type\":\"Organization\",\"@id\":\"https:\/\/www.hoerandlhof.at\/#organization\",\"name\":\"Ferienwohnungen H\u00f6randlhof\",\"url\":\"https:\/\/www.hoerandlhof.at\/\",\"logo\":{\"@type\":\"ImageObject\",\"inLanguage\":\"en-GB\",\"@id\":\"https:\/\/www.hoerandlhof.at\/#\/schema\/logo\/image\/\",\"url\":\"https:\/\/www.hoerandlhof.at\/wp-content\/uploads\/2020\/02\/Logo-6_transparent.png\",\"contentUrl\":\"https:\/\/www.hoerandlhof.at\/wp-content\/uploads\/2020\/02\/Logo-6_transparent.png\",\"width\":3679,\"height\":1474,\"caption\":\"Ferienwohnungen H\u00f6randlhof\"},\"image\":{\"@id\":\"https:\/\/www.hoerandlhof.at\/#\/schema\/logo\/image\/\"},\"sameAs\":[\"https:\/\/www.instagram.com\/hoerandlhof\/\",\"https:\/\/www.facebook.com\/hoerandlhof\"]}]}<\/script>\n<!-- \/ Yoast SEO plugin. -->","yoast_head_json":{"title":"Geschichte des Hauses - H\u00f6randlhof","robots":{"index":"index","follow":"follow","max-snippet":"max-snippet:-1","max-image-preview":"max-image-preview:large","max-video-preview":"max-video-preview:-1"},"canonical":"https:\/\/www.hoerandlhof.at\/en\/dahoam\/geschichte-des-hauses\/","og_locale":"en_GB","og_type":"article","og_title":"Geschichte des Hauses - H\u00f6randlhof","og_description":"Die Geschichte des H\u00f6randlhofes \u201eEst. 1347\u201c steht auf unserem Logo und tats\u00e4chlich wurde der \u201eH\u00f6randlhof\u201c oder das \u201eH\u00f6randlgut\u201c um 1347 erstmals urkundlich erw\u00e4hnt. Der Name leitet sich vom damaligen Besitzer \u201eHerrant\u201c ab, ein typischer mittelalterlicher Name, \u00e4hnlich wie etwa Hermann. W\u00e4hrend die H\u00f6fe ringsum lange Zeit vom Lehensherren abh\u00e4ngige H\u00f6fe waren, war das \u201eH\u00f6randlgut\u201c ein &hellip; Geschichte des Hauses Read More &raquo;","og_url":"https:\/\/www.hoerandlhof.at\/en\/dahoam\/geschichte-des-hauses\/","og_site_name":"H\u00f6randlhof","article_publisher":"https:\/\/www.facebook.com\/hoerandlhof","article_modified_time":"2023-01-02T10:02:54+00:00","twitter_card":"summary_large_image","twitter_misc":{"Estimated reading time":"2 minutes"},"schema":{"@context":"https:\/\/schema.org","@graph":[{"@type":"WebPage","@id":"https:\/\/www.hoerandlhof.at\/dahoam\/geschichte-des-hauses\/","url":"https:\/\/www.hoerandlhof.at\/dahoam\/geschichte-des-hauses\/","name":"Geschichte des Hauses - H\u00f6randlhof","isPartOf":{"@id":"https:\/\/www.hoerandlhof.at\/#website"},"datePublished":"2020-03-01T00:02:20+00:00","dateModified":"2023-01-02T10:02:54+00:00","breadcrumb":{"@id":"https:\/\/www.hoerandlhof.at\/dahoam\/geschichte-des-hauses\/#breadcrumb"},"inLanguage":"en-GB","potentialAction":[{"@type":"ReadAction","target":["https:\/\/www.hoerandlhof.at\/dahoam\/geschichte-des-hauses\/"]}]},{"@type":"BreadcrumbList","@id":"https:\/\/www.hoerandlhof.at\/dahoam\/geschichte-des-hauses\/#breadcrumb","itemListElement":[{"@type":"ListItem","position":1,"name":"Home","item":"https:\/\/www.hoerandlhof.at\/"},{"@type":"ListItem","position":2,"name":"Dahoam","item":"https:\/\/www.hoerandlhof.at\/"},{"@type":"ListItem","position":3,"name":"Geschichte des Hauses"}]},{"@type":"WebSite","@id":"https:\/\/www.hoerandlhof.at\/#website","url":"https:\/\/www.hoerandlhof.at\/","name":"H\u00f6randlhof","description":"Ferienwohungen in Aigen im Ennstal","publisher":{"@id":"https:\/\/www.hoerandlhof.at\/#organization"},"potentialAction":[{"@type":"SearchAction","target":{"@type":"EntryPoint","urlTemplate":"https:\/\/www.hoerandlhof.at\/?s={search_term_string}"},"query-input":"required name=search_term_string"}],"inLanguage":"en-GB"},{"@type":"Organization","@id":"https:\/\/www.hoerandlhof.at\/#organization","name":"Ferienwohnungen H\u00f6randlhof","url":"https:\/\/www.hoerandlhof.at\/","logo":{"@type":"ImageObject","inLanguage":"en-GB","@id":"https:\/\/www.hoerandlhof.at\/#\/schema\/logo\/image\/","url":"https:\/\/www.hoerandlhof.at\/wp-content\/uploads\/2020\/02\/Logo-6_transparent.png","contentUrl":"https:\/\/www.hoerandlhof.at\/wp-content\/uploads\/2020\/02\/Logo-6_transparent.png","width":3679,"height":1474,"caption":"Ferienwohnungen H\u00f6randlhof"},"image":{"@id":"https:\/\/www.hoerandlhof.at\/#\/schema\/logo\/image\/"},"sameAs":["https:\/\/www.instagram.com\/hoerandlhof\/","https:\/\/www.facebook.com\/hoerandlhof"]}]}},"_links":{"self":[{"href":"https:\/\/www.hoerandlhof.at\/en\/wp-json\/wp\/v2\/pages\/1513"}],"collection":[{"href":"https:\/\/www.hoerandlhof.at\/en\/wp-json\/wp\/v2\/pages"}],"about":[{"href":"https:\/\/www.hoerandlhof.at\/en\/wp-json\/wp\/v2\/types\/page"}],"author":[{"embeddable":true,"href":"https:\/\/www.hoerandlhof.at\/en\/wp-json\/wp\/v2\/users\/1"}],"replies":[{"embeddable":true,"href":"https:\/\/www.hoerandlhof.at\/en\/wp-json\/wp\/v2\/comments?post=1513"}],"version-history":[{"count":20,"href":"https:\/\/www.hoerandlhof.at\/en\/wp-json\/wp\/v2\/pages\/1513\/revisions"}],"predecessor-version":[{"id":2331,"href":"https:\/\/www.hoerandlhof.at\/en\/wp-json\/wp\/v2\/pages\/1513\/revisions\/2331"}],"up":[{"embeddable":true,"href":"https:\/\/www.hoerandlhof.at\/en\/wp-json\/wp\/v2\/pages\/6"}],"wp:attachment":[{"href":"https:\/\/www.hoerandlhof.at\/en\/wp-json\/wp\/v2\/media?parent=1513"}],"curies":[{"name":"wp","href":"https:\/\/api.w.org\/{rel}","templated":true}]}}