{"id":1344,"date":"2020-02-24T17:02:27","date_gmt":"2020-02-24T16:02:27","guid":{"rendered":"https:\/\/www.hoerandlhof.at\/?page_id=1344"},"modified":"2023-12-28T16:42:54","modified_gmt":"2023-12-28T15:42:54","slug":"gaststube-gastgarten","status":"publish","type":"page","link":"https:\/\/www.hoerandlhof.at\/en\/dahoam\/gaststube-gastgarten\/","title":{"rendered":"Lounge &amp; Garden"},"content":{"rendered":"<div data-elementor-type=\"wp-page\" data-elementor-id=\"1344\" class=\"elementor elementor-1344\">\n\t\t\t\t\t\t<div class=\"elementor-inner\">\n\t\t\t\t<div class=\"elementor-section-wrap\">\n\t\t\t\t\t\t\t\t\t<section class=\"elementor-section elementor-top-section elementor-element elementor-element-412ab7ae elementor-section-height-min-height elementor-section-boxed elementor-section-height-default elementor-section-items-middle\" data-id=\"412ab7ae\" data-element_type=\"section\" data-settings=\"{&quot;background_background&quot;:&quot;classic&quot;}\">\n\t\t\t\t\t\t\t<div class=\"elementor-background-overlay\"><\/div>\n\t\t\t\t\t\t\t<div class=\"elementor-container elementor-column-gap-default\">\n\t\t\t\t\t\t\t<div class=\"elementor-row\">\n\t\t\t\t\t<div class=\"elementor-column elementor-col-100 elementor-top-column elementor-element elementor-element-a7876dd\" data-id=\"a7876dd\" data-element_type=\"column\">\n\t\t\t<div class=\"elementor-column-wrap elementor-element-populated\">\n\t\t\t\t\t\t\t<div class=\"elementor-widget-wrap\">\n\t\t\t\t\t\t<div class=\"elementor-element elementor-element-39f3edc3 elementor-widget elementor-widget-heading\" data-id=\"39f3edc3\" data-element_type=\"widget\" data-settings=\"{&quot;_animation&quot;:&quot;none&quot;,&quot;_animation_delay&quot;:300}\" data-widget_type=\"heading.default\">\n\t\t\t\t<div class=\"elementor-widget-container\">\n\t\t\t<h1 class=\"elementor-heading-title elementor-size-default\">Gaststube & Gastgarten<\/h1>\t\t<\/div>\n\t\t\t\t<\/div>\n\t\t\t\t\t\t<\/div>\n\t\t\t\t\t<\/div>\n\t\t<\/div>\n\t\t\t\t\t\t\t\t<\/div>\n\t\t\t\t\t<\/div>\n\t\t<\/section>\n\t\t\t\t<section class=\"elementor-section elementor-top-section elementor-element elementor-element-7397d53e elementor-section-height-min-height elementor-section-boxed elementor-section-height-default elementor-section-items-middle\" data-id=\"7397d53e\" data-element_type=\"section\" data-settings=\"{&quot;background_background&quot;:&quot;classic&quot;}\">\n\t\t\t\t\t\t\t<div class=\"elementor-background-overlay\"><\/div>\n\t\t\t\t\t\t\t<div class=\"elementor-container elementor-column-gap-default\">\n\t\t\t\t\t\t\t<div class=\"elementor-row\">\n\t\t\t\t\t<div class=\"elementor-column elementor-col-50 elementor-top-column elementor-element elementor-element-45efbe8e\" data-id=\"45efbe8e\" data-element_type=\"column\" data-settings=\"{&quot;background_background&quot;:&quot;classic&quot;}\">\n\t\t\t<div class=\"elementor-column-wrap elementor-element-populated\">\n\t\t\t\t\t\t\t<div class=\"elementor-widget-wrap\">\n\t\t\t\t\t\t<div class=\"elementor-element elementor-element-4556451 elementor-widget elementor-widget-heading\" data-id=\"4556451\" data-element_type=\"widget\" data-widget_type=\"heading.default\">\n\t\t\t\t<div class=\"elementor-widget-container\">\n\t\t\t<h3 class=\"elementor-heading-title elementor-size-default\">Gaststube<\/h3>\t\t<\/div>\n\t\t\t\t<\/div>\n\t\t\t\t<div class=\"elementor-element elementor-element-1ae5bd43 elementor-widget-divider--separator-type-pattern elementor-widget-divider--no-spacing elementor-widget-divider--view-line elementor-widget elementor-widget-divider\" data-id=\"1ae5bd43\" data-element_type=\"widget\" data-widget_type=\"divider.default\">\n\t\t\t\t<div class=\"elementor-widget-container\">\n\t\t\t\t\t<div class=\"elementor-divider\" style=\"--divider-pattern-url: url(&quot;data:image\/svg+xml,%3Csvg xmlns=&#039;http:\/\/www.w3.org\/2000\/svg&#039; preserveAspectRatio=&#039;xMidYMid meet&#039; overflow=&#039;visible&#039; height=&#039;100%&#039; viewBox=&#039;0 0 126 26&#039; fill=&#039;black&#039; stroke=&#039;none&#039;%3E%3Cpath d=&#039;M3,10.2c2.6,0,2.6,2,2.6,3.2S4.4,16.5,3,16.5s-3-1.4-3-3.2S0.4,10.2,3,10.2z M18.8,10.2c1.7,0,3.2,1.4,3.2,3.2s-1.4,3.2-3.2,3.2c-1.7,0-3.2-1.4-3.2-3.2S17,10.2,18.8,10.2z M34.6,10.2c1.5,0,2.6,1.4,2.6,3.2s-0.5,3.2-1.9,3.2c-1.5,0-3.4-1.4-3.4-3.2S33.1,10.2,34.6,10.2z M50.5,10.2c1.7,0,3.2,1.4,3.2,3.2s-1.4,3.2-3.2,3.2c-1.7,0-3.3-0.9-3.3-2.6S48.7,10.2,50.5,10.2z M66.2,10.2c1.5,0,3.4,1.4,3.4,3.2s-1.9,3.2-3.4,3.2c-1.5,0-2.6-0.4-2.6-2.1S64.8,10.2,66.2,10.2z M82.2,10.2c1.7,0.8,2.6,1.4,2.6,3.2s-0.1,3.2-1.6,3.2c-1.5,0-3.7-1.4-3.7-3.2S80.5,9.4,82.2,10.2zM98.6,10.2c1.5,0,2.6,0.4,2.6,2.1s-1.2,4.2-2.6,4.2c-1.5,0-3.7-0.4-3.7-2.1S97.1,10.2,98.6,10.2z M113.4,10.2c1.2,0,2.2,0.9,2.2,3.2s-0.1,3.2-1.3,3.2s-3.1-1.4-3.1-3.2S112.2,10.2,113.4,10.2z&#039;\/%3E%3C\/svg%3E&quot;);\">\n\t\t\t<span class=\"elementor-divider-separator\">\n\t\t\t\t\t\t<\/span>\n\t\t<\/div>\n\t\t\t\t<\/div>\n\t\t\t\t<\/div>\n\t\t\t\t<div class=\"elementor-element elementor-element-7f6fc492 elementor-widget elementor-widget-text-editor\" data-id=\"7f6fc492\" data-element_type=\"widget\" data-widget_type=\"text-editor.default\">\n\t\t\t\t<div class=\"elementor-widget-container\">\n\t\t\t\t\t\t\t\t<div class=\"elementor-text-editor elementor-clearfix\">\n\t\t\t\t<p>In unserer Gaststube k\u00f6nnen sich unsere G\u00e4ste entspannen und gemeinsam Zeit verbringen. Gerade f\u00fcr gro\u00dfe Gruppen bietet sich dieser Raum an, um nicht gedr\u00e4ngt in den Ferienwohnungen zusammensitzen zu m\u00fcssen. Die gem\u00fctliche Polstersitzgruppe l\u00e4dt zum Lesen und Relaxen ein. Direkt von der Gaststube gelangt man in unseren herrlichen<\/p>\t\t\t\t\t<\/div>\n\t\t\t\t\t\t<\/div>\n\t\t\t\t<\/div>\n\t\t\t\t\t\t<\/div>\n\t\t\t\t\t<\/div>\n\t\t<\/div>\n\t\t\t\t<div class=\"elementor-column elementor-col-50 elementor-top-column elementor-element elementor-element-4631ecb2\" data-id=\"4631ecb2\" data-element_type=\"column\" data-settings=\"{&quot;background_background&quot;:&quot;slideshow&quot;,&quot;background_slideshow_gallery&quot;:[{&quot;id&quot;:2386,&quot;url&quot;:&quot;https:\\\/\\\/www.hoerandlhof.at\\\/wp-content\\\/uploads\\\/2020\\\/03\\\/hoerandlhof-7-scaled.jpg&quot;},{&quot;id&quot;:2387,&quot;url&quot;:&quot;https:\\\/\\\/www.hoerandlhof.at\\\/wp-content\\\/uploads\\\/2020\\\/03\\\/hoerandlhof-8-scaled.jpg&quot;}],&quot;background_slideshow_loop&quot;:&quot;yes&quot;,&quot;background_slideshow_slide_duration&quot;:5000,&quot;background_slideshow_slide_transition&quot;:&quot;fade&quot;,&quot;background_slideshow_transition_duration&quot;:500}\">\n\t\t\t<div class=\"elementor-column-wrap elementor-element-populated\">\n\t\t\t\t\t\t\t<div class=\"elementor-widget-wrap\">\n\t\t\t\t\t\t<div class=\"elementor-element elementor-element-af3f33c elementor-widget elementor-widget-spacer\" data-id=\"af3f33c\" data-element_type=\"widget\" data-widget_type=\"spacer.default\">\n\t\t\t\t<div class=\"elementor-widget-container\">\n\t\t\t\t\t<div class=\"elementor-spacer\">\n\t\t\t<div class=\"elementor-spacer-inner\"><\/div>\n\t\t<\/div>\n\t\t\t\t<\/div>\n\t\t\t\t<\/div>\n\t\t\t\t\t\t<\/div>\n\t\t\t\t\t<\/div>\n\t\t<\/div>\n\t\t\t\t\t\t\t\t<\/div>\n\t\t\t\t\t<\/div>\n\t\t<\/section>\n\t\t\t\t<section class=\"elementor-section elementor-top-section elementor-element elementor-element-83ab33a elementor-section-height-min-height elementor-reverse-mobile elementor-section-boxed elementor-section-height-default elementor-section-items-middle\" data-id=\"83ab33a\" data-element_type=\"section\" data-settings=\"{&quot;background_background&quot;:&quot;classic&quot;}\">\n\t\t\t\t\t\t\t<div class=\"elementor-background-overlay\"><\/div>\n\t\t\t\t\t\t\t<div class=\"elementor-container elementor-column-gap-default\">\n\t\t\t\t\t\t\t<div class=\"elementor-row\">\n\t\t\t\t\t<div class=\"elementor-column elementor-col-50 elementor-top-column elementor-element elementor-element-44c71d0\" data-id=\"44c71d0\" data-element_type=\"column\" data-settings=\"{&quot;background_background&quot;:&quot;slideshow&quot;,&quot;background_slideshow_gallery&quot;:[{&quot;id&quot;:2384,&quot;url&quot;:&quot;https:\\\/\\\/www.hoerandlhof.at\\\/wp-content\\\/uploads\\\/2020\\\/04\\\/hoerandlhof-5-scaled.jpg&quot;},{&quot;id&quot;:2383,&quot;url&quot;:&quot;https:\\\/\\\/www.hoerandlhof.at\\\/wp-content\\\/uploads\\\/2020\\\/04\\\/hoerandlhof-4-scaled.jpg&quot;}],&quot;background_slideshow_loop&quot;:&quot;yes&quot;,&quot;background_slideshow_slide_duration&quot;:5000,&quot;background_slideshow_slide_transition&quot;:&quot;fade&quot;,&quot;background_slideshow_transition_duration&quot;:500}\">\n\t\t\t<div class=\"elementor-column-wrap elementor-element-populated\">\n\t\t\t\t\t\t\t<div class=\"elementor-widget-wrap\">\n\t\t\t\t\t\t<div class=\"elementor-element elementor-element-f57136b elementor-widget elementor-widget-spacer\" data-id=\"f57136b\" data-element_type=\"widget\" data-widget_type=\"spacer.default\">\n\t\t\t\t<div class=\"elementor-widget-container\">\n\t\t\t\t\t<div class=\"elementor-spacer\">\n\t\t\t<div class=\"elementor-spacer-inner\"><\/div>\n\t\t<\/div>\n\t\t\t\t<\/div>\n\t\t\t\t<\/div>\n\t\t\t\t\t\t<\/div>\n\t\t\t\t\t<\/div>\n\t\t<\/div>\n\t\t\t\t<div class=\"elementor-column elementor-col-50 elementor-top-column elementor-element elementor-element-70baaac\" data-id=\"70baaac\" data-element_type=\"column\">\n\t\t\t<div class=\"elementor-column-wrap elementor-element-populated\">\n\t\t\t\t\t\t\t<div class=\"elementor-widget-wrap\">\n\t\t\t\t\t\t<div class=\"elementor-element elementor-element-3d93a95 elementor-widget elementor-widget-heading\" data-id=\"3d93a95\" data-element_type=\"widget\" data-widget_type=\"heading.default\">\n\t\t\t\t<div class=\"elementor-widget-container\">\n\t\t\t<h3 class=\"elementor-heading-title elementor-size-default\">Gastgarten<\/h3>\t\t<\/div>\n\t\t\t\t<\/div>\n\t\t\t\t<div class=\"elementor-element elementor-element-71b95f6 elementor-widget-divider--separator-type-pattern elementor-widget-divider--no-spacing elementor-widget-divider--view-line elementor-widget elementor-widget-divider\" data-id=\"71b95f6\" data-element_type=\"widget\" data-widget_type=\"divider.default\">\n\t\t\t\t<div class=\"elementor-widget-container\">\n\t\t\t\t\t<div class=\"elementor-divider\" style=\"--divider-pattern-url: url(&quot;data:image\/svg+xml,%3Csvg xmlns=&#039;http:\/\/www.w3.org\/2000\/svg&#039; preserveAspectRatio=&#039;xMidYMid meet&#039; overflow=&#039;visible&#039; height=&#039;100%&#039; viewBox=&#039;0 0 126 26&#039; fill=&#039;black&#039; stroke=&#039;none&#039;%3E%3Cpath d=&#039;M3,10.2c2.6,0,2.6,2,2.6,3.2S4.4,16.5,3,16.5s-3-1.4-3-3.2S0.4,10.2,3,10.2z M18.8,10.2c1.7,0,3.2,1.4,3.2,3.2s-1.4,3.2-3.2,3.2c-1.7,0-3.2-1.4-3.2-3.2S17,10.2,18.8,10.2z M34.6,10.2c1.5,0,2.6,1.4,2.6,3.2s-0.5,3.2-1.9,3.2c-1.5,0-3.4-1.4-3.4-3.2S33.1,10.2,34.6,10.2z M50.5,10.2c1.7,0,3.2,1.4,3.2,3.2s-1.4,3.2-3.2,3.2c-1.7,0-3.3-0.9-3.3-2.6S48.7,10.2,50.5,10.2z M66.2,10.2c1.5,0,3.4,1.4,3.4,3.2s-1.9,3.2-3.4,3.2c-1.5,0-2.6-0.4-2.6-2.1S64.8,10.2,66.2,10.2z M82.2,10.2c1.7,0.8,2.6,1.4,2.6,3.2s-0.1,3.2-1.6,3.2c-1.5,0-3.7-1.4-3.7-3.2S80.5,9.4,82.2,10.2zM98.6,10.2c1.5,0,2.6,0.4,2.6,2.1s-1.2,4.2-2.6,4.2c-1.5,0-3.7-0.4-3.7-2.1S97.1,10.2,98.6,10.2z M113.4,10.2c1.2,0,2.2,0.9,2.2,3.2s-0.1,3.2-1.3,3.2s-3.1-1.4-3.1-3.2S112.2,10.2,113.4,10.2z&#039;\/%3E%3C\/svg%3E&quot;);\">\n\t\t\t<span class=\"elementor-divider-separator\">\n\t\t\t\t\t\t<\/span>\n\t\t<\/div>\n\t\t\t\t<\/div>\n\t\t\t\t<\/div>\n\t\t\t\t<div class=\"elementor-element elementor-element-c8940e8 elementor-widget elementor-widget-text-editor\" data-id=\"c8940e8\" data-element_type=\"widget\" data-widget_type=\"text-editor.default\">\n\t\t\t\t<div class=\"elementor-widget-container\">\n\t\t\t\t\t\t\t\t<div class=\"elementor-text-editor elementor-clearfix\">\n\t\t\t\t<p>Ein Kirsch-, Nuss- und Apfelbaum bem\u00fchen sich im Sommer darum, unseren G\u00e4sten den n\u00f6tigen Schatten zu spenden. Hier l\u00e4sst es sich im Liegestuhl herrlich entspannen! Wenn Sie Lust haben, k\u00f6nnen Sie sich gerne unseren Griller ausborgen und daraus den perfekten Sommertag machen.<\/p>\t\t\t\t\t<\/div>\n\t\t\t\t\t\t<\/div>\n\t\t\t\t<\/div>\n\t\t\t\t\t\t<\/div>\n\t\t\t\t\t<\/div>\n\t\t<\/div>\n\t\t\t\t\t\t\t\t<\/div>\n\t\t\t\t\t<\/div>\n\t\t<\/section>\n\t\t\t\t<section class=\"elementor-section elementor-top-section elementor-element elementor-element-3920cc9 elementor-section-height-min-height elementor-section-boxed elementor-section-height-default elementor-section-items-middle\" data-id=\"3920cc9\" data-element_type=\"section\">\n\t\t\t\t\t\t\t<div class=\"elementor-background-overlay\"><\/div>\n\t\t\t\t\t\t\t<div class=\"elementor-container elementor-column-gap-default\">\n\t\t\t\t\t\t\t<div class=\"elementor-row\">\n\t\t\t\t\t<div class=\"elementor-column elementor-col-50 elementor-top-column elementor-element elementor-element-925f343\" data-id=\"925f343\" data-element_type=\"column\">\n\t\t\t<div class=\"elementor-column-wrap elementor-element-populated\">\n\t\t\t\t\t\t\t<div class=\"elementor-widget-wrap\">\n\t\t\t\t\t\t<div class=\"elementor-element elementor-element-a8a0e7f elementor-widget elementor-widget-heading\" data-id=\"a8a0e7f\" data-element_type=\"widget\" data-widget_type=\"heading.default\">\n\t\t\t\t<div class=\"elementor-widget-container\">\n\t\t\t<h3 class=\"elementor-heading-title elementor-size-default\">Ein Paradies f\u00fcr die ganze Familie!<\/h3>\t\t<\/div>\n\t\t\t\t<\/div>\n\t\t\t\t<div class=\"elementor-element elementor-element-f04b59f elementor-widget-divider--separator-type-pattern elementor-widget-divider--no-spacing elementor-widget-divider--view-line elementor-widget elementor-widget-divider\" data-id=\"f04b59f\" data-element_type=\"widget\" data-widget_type=\"divider.default\">\n\t\t\t\t<div class=\"elementor-widget-container\">\n\t\t\t\t\t<div class=\"elementor-divider\" style=\"--divider-pattern-url: url(&quot;data:image\/svg+xml,%3Csvg xmlns=&#039;http:\/\/www.w3.org\/2000\/svg&#039; preserveAspectRatio=&#039;xMidYMid meet&#039; overflow=&#039;visible&#039; height=&#039;100%&#039; viewBox=&#039;0 0 126 26&#039; fill=&#039;black&#039; stroke=&#039;none&#039;%3E%3Cpath d=&#039;M3,10.2c2.6,0,2.6,2,2.6,3.2S4.4,16.5,3,16.5s-3-1.4-3-3.2S0.4,10.2,3,10.2z M18.8,10.2c1.7,0,3.2,1.4,3.2,3.2s-1.4,3.2-3.2,3.2c-1.7,0-3.2-1.4-3.2-3.2S17,10.2,18.8,10.2z M34.6,10.2c1.5,0,2.6,1.4,2.6,3.2s-0.5,3.2-1.9,3.2c-1.5,0-3.4-1.4-3.4-3.2S33.1,10.2,34.6,10.2z M50.5,10.2c1.7,0,3.2,1.4,3.2,3.2s-1.4,3.2-3.2,3.2c-1.7,0-3.3-0.9-3.3-2.6S48.7,10.2,50.5,10.2z M66.2,10.2c1.5,0,3.4,1.4,3.4,3.2s-1.9,3.2-3.4,3.2c-1.5,0-2.6-0.4-2.6-2.1S64.8,10.2,66.2,10.2z M82.2,10.2c1.7,0.8,2.6,1.4,2.6,3.2s-0.1,3.2-1.6,3.2c-1.5,0-3.7-1.4-3.7-3.2S80.5,9.4,82.2,10.2zM98.6,10.2c1.5,0,2.6,0.4,2.6,2.1s-1.2,4.2-2.6,4.2c-1.5,0-3.7-0.4-3.7-2.1S97.1,10.2,98.6,10.2z M113.4,10.2c1.2,0,2.2,0.9,2.2,3.2s-0.1,3.2-1.3,3.2s-3.1-1.4-3.1-3.2S112.2,10.2,113.4,10.2z&#039;\/%3E%3C\/svg%3E&quot;);\">\n\t\t\t<span class=\"elementor-divider-separator\">\n\t\t\t\t\t\t<\/span>\n\t\t<\/div>\n\t\t\t\t<\/div>\n\t\t\t\t<\/div>\n\t\t\t\t<div class=\"elementor-element elementor-element-4bc714c elementor-widget elementor-widget-text-editor\" data-id=\"4bc714c\" data-element_type=\"widget\" data-widget_type=\"text-editor.default\">\n\t\t\t\t<div class=\"elementor-widget-container\">\n\t\t\t\t\t\t\t\t<div class=\"elementor-text-editor elementor-clearfix\">\n\t\t\t\t<p>Was f\u00fcr viele heute schon fast nicht mehr denkbar ist, ist unser Alltag: Bei uns gibt es keinen Verkehr vor der Haust\u00fcr, die Kinder k\u00f6nnen bei uns laufen und Spa\u00df haben, auf den Wiesen toben, mit den Eltern in den Wald gehen und am Waldbacherl spielen. Im Garten gibt es eine Rutsche, eine Schaukel und ein Spielhaus und au\u00dferdem viel viel Spielzeug!!!<\/p>\t\t\t\t\t<\/div>\n\t\t\t\t\t\t<\/div>\n\t\t\t\t<\/div>\n\t\t\t\t\t\t<\/div>\n\t\t\t\t\t<\/div>\n\t\t<\/div>\n\t\t\t\t<div class=\"elementor-column elementor-col-50 elementor-top-column elementor-element elementor-element-5c058d1\" data-id=\"5c058d1\" data-element_type=\"column\" data-settings=\"{&quot;background_background&quot;:&quot;classic&quot;}\">\n\t\t\t<div class=\"elementor-column-wrap elementor-element-populated\">\n\t\t\t\t\t\t\t<div class=\"elementor-widget-wrap\">\n\t\t\t\t\t\t<div class=\"elementor-element elementor-element-fe988a4 elementor-widget elementor-widget-spacer\" data-id=\"fe988a4\" data-element_type=\"widget\" data-widget_type=\"spacer.default\">\n\t\t\t\t<div class=\"elementor-widget-container\">\n\t\t\t\t\t<div class=\"elementor-spacer\">\n\t\t\t<div class=\"elementor-spacer-inner\"><\/div>\n\t\t<\/div>\n\t\t\t\t<\/div>\n\t\t\t\t<\/div>\n\t\t\t\t\t\t<\/div>\n\t\t\t\t\t<\/div>\n\t\t<\/div>\n\t\t\t\t\t\t\t\t<\/div>\n\t\t\t\t\t<\/div>\n\t\t<\/section>\n\t\t\t\t\t\t\t\t\t<\/div>\n\t\t\t<\/div>\n\t\t\t\t\t<\/div>","protected":false},"excerpt":{"rendered":"<p>Gaststube &#038; Gastgarten Gaststube In unserer Gaststube k\u00f6nnen sich unsere G\u00e4ste entspannen und gemeinsam Zeit verbringen. Gerade f\u00fcr gro\u00dfe Gruppen bietet sich dieser Raum an, um nicht gedr\u00e4ngt in den Ferienwohnungen zusammensitzen zu m\u00fcssen. Die gem\u00fctliche Polstersitzgruppe l\u00e4dt zum Lesen und Relaxen ein. Direkt von der Gaststube gelangt man in unseren herrlichen Gastgarten Ein Kirsch-, &hellip;<\/p>\n<p class=\"read-more\"> <a class=\"\" href=\"https:\/\/www.hoerandlhof.at\/en\/dahoam\/gaststube-gastgarten\/\"> <span class=\"screen-reader-text\">Lounge &amp; Garden<\/span> Read More &raquo;<\/a><\/p>","protected":false},"author":1,"featured_media":0,"parent":6,"menu_order":0,"comment_status":"closed","ping_status":"closed","template":"","meta":{"site-sidebar-layout":"no-sidebar","site-content-layout":"page-builder","ast-global-header-display":"","ast-main-header-display":"","ast-hfb-above-header-display":"","ast-hfb-below-header-display":"","ast-hfb-mobile-header-display":"","site-post-title":"disabled","ast-breadcrumbs-content":"","ast-featured-img":"disabled","footer-sml-layout":"","theme-transparent-header-meta":"default","adv-header-id-meta":"","stick-header-meta":"","header-above-stick-meta":"","header-main-stick-meta":"","header-below-stick-meta":""},"yoast_head":"<!-- This site is optimized with the Yoast SEO plugin v19.13 - https:\/\/yoast.com\/wordpress\/plugins\/seo\/ -->\n<title>Gaststube &amp; Gastgarten - H\u00f6randlhof<\/title>\n<meta name=\"robots\" content=\"index, follow, max-snippet:-1, max-image-preview:large, max-video-preview:-1\" \/>\n<link rel=\"canonical\" href=\"https:\/\/www.hoerandlhof.at\/en\/dahoam\/gaststube-gastgarten\/\" \/>\n<meta property=\"og:locale\" content=\"en_GB\" \/>\n<meta property=\"og:type\" content=\"article\" \/>\n<meta property=\"og:title\" content=\"Gaststube &amp; Gastgarten - H\u00f6randlhof\" \/>\n<meta property=\"og:description\" content=\"Gaststube &#038; Gastgarten Gaststube In unserer Gaststube k\u00f6nnen sich unsere G\u00e4ste entspannen und gemeinsam Zeit verbringen. Gerade f\u00fcr gro\u00dfe Gruppen bietet sich dieser Raum an, um nicht gedr\u00e4ngt in den Ferienwohnungen zusammensitzen zu m\u00fcssen. Die gem\u00fctliche Polstersitzgruppe l\u00e4dt zum Lesen und Relaxen ein. Direkt von der Gaststube gelangt man in unseren herrlichen Gastgarten Ein Kirsch-, &hellip; Gaststube &#038; Gastgarten Read More &raquo;\" \/>\n<meta property=\"og:url\" content=\"https:\/\/www.hoerandlhof.at\/en\/dahoam\/gaststube-gastgarten\/\" \/>\n<meta property=\"og:site_name\" content=\"H\u00f6randlhof\" \/>\n<meta property=\"article:publisher\" content=\"https:\/\/www.facebook.com\/hoerandlhof\" \/>\n<meta property=\"article:modified_time\" content=\"2023-12-28T15:42:54+00:00\" \/>\n<meta name=\"twitter:card\" content=\"summary_large_image\" \/>\n<meta name=\"twitter:label1\" content=\"Estimated reading time\" \/>\n\t<meta name=\"twitter:data1\" content=\"1 minute\" \/>\n<script type=\"application\/ld+json\" class=\"yoast-schema-graph\">{\"@context\":\"https:\/\/schema.org\",\"@graph\":[{\"@type\":\"WebPage\",\"@id\":\"https:\/\/www.hoerandlhof.at\/dahoam\/gaststube-gastgarten\/\",\"url\":\"https:\/\/www.hoerandlhof.at\/dahoam\/gaststube-gastgarten\/\",\"name\":\"Gaststube & Gastgarten - H\u00f6randlhof\",\"isPartOf\":{\"@id\":\"https:\/\/www.hoerandlhof.at\/#website\"},\"datePublished\":\"2020-02-24T16:02:27+00:00\",\"dateModified\":\"2023-12-28T15:42:54+00:00\",\"breadcrumb\":{\"@id\":\"https:\/\/www.hoerandlhof.at\/dahoam\/gaststube-gastgarten\/#breadcrumb\"},\"inLanguage\":\"en-GB\",\"potentialAction\":[{\"@type\":\"ReadAction\",\"target\":[\"https:\/\/www.hoerandlhof.at\/dahoam\/gaststube-gastgarten\/\"]}]},{\"@type\":\"BreadcrumbList\",\"@id\":\"https:\/\/www.hoerandlhof.at\/dahoam\/gaststube-gastgarten\/#breadcrumb\",\"itemListElement\":[{\"@type\":\"ListItem\",\"position\":1,\"name\":\"Home\",\"item\":\"https:\/\/www.hoerandlhof.at\/\"},{\"@type\":\"ListItem\",\"position\":2,\"name\":\"Dahoam\",\"item\":\"https:\/\/www.hoerandlhof.at\/\"},{\"@type\":\"ListItem\",\"position\":3,\"name\":\"Gaststube &#038; Gastgarten\"}]},{\"@type\":\"WebSite\",\"@id\":\"https:\/\/www.hoerandlhof.at\/#website\",\"url\":\"https:\/\/www.hoerandlhof.at\/\",\"name\":\"H\u00f6randlhof\",\"description\":\"Ferienwohungen in Aigen im Ennstal\",\"publisher\":{\"@id\":\"https:\/\/www.hoerandlhof.at\/#organization\"},\"potentialAction\":[{\"@type\":\"SearchAction\",\"target\":{\"@type\":\"EntryPoint\",\"urlTemplate\":\"https:\/\/www.hoerandlhof.at\/?s={search_term_string}\"},\"query-input\":\"required name=search_term_string\"}],\"inLanguage\":\"en-GB\"},{\"@type\":\"Organization\",\"@id\":\"https:\/\/www.hoerandlhof.at\/#organization\",\"name\":\"Ferienwohnungen H\u00f6randlhof\",\"url\":\"https:\/\/www.hoerandlhof.at\/\",\"logo\":{\"@type\":\"ImageObject\",\"inLanguage\":\"en-GB\",\"@id\":\"https:\/\/www.hoerandlhof.at\/#\/schema\/logo\/image\/\",\"url\":\"https:\/\/www.hoerandlhof.at\/wp-content\/uploads\/2020\/02\/Logo-6_transparent.png\",\"contentUrl\":\"https:\/\/www.hoerandlhof.at\/wp-content\/uploads\/2020\/02\/Logo-6_transparent.png\",\"width\":3679,\"height\":1474,\"caption\":\"Ferienwohnungen H\u00f6randlhof\"},\"image\":{\"@id\":\"https:\/\/www.hoerandlhof.at\/#\/schema\/logo\/image\/\"},\"sameAs\":[\"https:\/\/www.instagram.com\/hoerandlhof\/\",\"https:\/\/www.facebook.com\/hoerandlhof\"]}]}<\/script>\n<!-- \/ Yoast SEO plugin. -->","yoast_head_json":{"title":"Gaststube & Gastgarten - H\u00f6randlhof","robots":{"index":"index","follow":"follow","max-snippet":"max-snippet:-1","max-image-preview":"max-image-preview:large","max-video-preview":"max-video-preview:-1"},"canonical":"https:\/\/www.hoerandlhof.at\/en\/dahoam\/gaststube-gastgarten\/","og_locale":"en_GB","og_type":"article","og_title":"Gaststube & Gastgarten - H\u00f6randlhof","og_description":"Gaststube &#038; Gastgarten Gaststube In unserer Gaststube k\u00f6nnen sich unsere G\u00e4ste entspannen und gemeinsam Zeit verbringen. Gerade f\u00fcr gro\u00dfe Gruppen bietet sich dieser Raum an, um nicht gedr\u00e4ngt in den Ferienwohnungen zusammensitzen zu m\u00fcssen. Die gem\u00fctliche Polstersitzgruppe l\u00e4dt zum Lesen und Relaxen ein. Direkt von der Gaststube gelangt man in unseren herrlichen Gastgarten Ein Kirsch-, &hellip; Gaststube &#038; Gastgarten Read More &raquo;","og_url":"https:\/\/www.hoerandlhof.at\/en\/dahoam\/gaststube-gastgarten\/","og_site_name":"H\u00f6randlhof","article_publisher":"https:\/\/www.facebook.com\/hoerandlhof","article_modified_time":"2023-12-28T15:42:54+00:00","twitter_card":"summary_large_image","twitter_misc":{"Estimated reading time":"1 minute"},"schema":{"@context":"https:\/\/schema.org","@graph":[{"@type":"WebPage","@id":"https:\/\/www.hoerandlhof.at\/dahoam\/gaststube-gastgarten\/","url":"https:\/\/www.hoerandlhof.at\/dahoam\/gaststube-gastgarten\/","name":"Gaststube & Gastgarten - H\u00f6randlhof","isPartOf":{"@id":"https:\/\/www.hoerandlhof.at\/#website"},"datePublished":"2020-02-24T16:02:27+00:00","dateModified":"2023-12-28T15:42:54+00:00","breadcrumb":{"@id":"https:\/\/www.hoerandlhof.at\/dahoam\/gaststube-gastgarten\/#breadcrumb"},"inLanguage":"en-GB","potentialAction":[{"@type":"ReadAction","target":["https:\/\/www.hoerandlhof.at\/dahoam\/gaststube-gastgarten\/"]}]},{"@type":"BreadcrumbList","@id":"https:\/\/www.hoerandlhof.at\/dahoam\/gaststube-gastgarten\/#breadcrumb","itemListElement":[{"@type":"ListItem","position":1,"name":"Home","item":"https:\/\/www.hoerandlhof.at\/"},{"@type":"ListItem","position":2,"name":"Dahoam","item":"https:\/\/www.hoerandlhof.at\/"},{"@type":"ListItem","position":3,"name":"Gaststube &#038; Gastgarten"}]},{"@type":"WebSite","@id":"https:\/\/www.hoerandlhof.at\/#website","url":"https:\/\/www.hoerandlhof.at\/","name":"H\u00f6randlhof","description":"Ferienwohungen in Aigen im Ennstal","publisher":{"@id":"https:\/\/www.hoerandlhof.at\/#organization"},"potentialAction":[{"@type":"SearchAction","target":{"@type":"EntryPoint","urlTemplate":"https:\/\/www.hoerandlhof.at\/?s={search_term_string}"},"query-input":"required name=search_term_string"}],"inLanguage":"en-GB"},{"@type":"Organization","@id":"https:\/\/www.hoerandlhof.at\/#organization","name":"Ferienwohnungen H\u00f6randlhof","url":"https:\/\/www.hoerandlhof.at\/","logo":{"@type":"ImageObject","inLanguage":"en-GB","@id":"https:\/\/www.hoerandlhof.at\/#\/schema\/logo\/image\/","url":"https:\/\/www.hoerandlhof.at\/wp-content\/uploads\/2020\/02\/Logo-6_transparent.png","contentUrl":"https:\/\/www.hoerandlhof.at\/wp-content\/uploads\/2020\/02\/Logo-6_transparent.png","width":3679,"height":1474,"caption":"Ferienwohnungen H\u00f6randlhof"},"image":{"@id":"https:\/\/www.hoerandlhof.at\/#\/schema\/logo\/image\/"},"sameAs":["https:\/\/www.instagram.com\/hoerandlhof\/","https:\/\/www.facebook.com\/hoerandlhof"]}]}},"_links":{"self":[{"href":"https:\/\/www.hoerandlhof.at\/en\/wp-json\/wp\/v2\/pages\/1344"}],"collection":[{"href":"https:\/\/www.hoerandlhof.at\/en\/wp-json\/wp\/v2\/pages"}],"about":[{"href":"https:\/\/www.hoerandlhof.at\/en\/wp-json\/wp\/v2\/types\/page"}],"author":[{"embeddable":true,"href":"https:\/\/www.hoerandlhof.at\/en\/wp-json\/wp\/v2\/users\/1"}],"replies":[{"embeddable":true,"href":"https:\/\/www.hoerandlhof.at\/en\/wp-json\/wp\/v2\/comments?post=1344"}],"version-history":[{"count":23,"href":"https:\/\/www.hoerandlhof.at\/en\/wp-json\/wp\/v2\/pages\/1344\/revisions"}],"predecessor-version":[{"id":2469,"href":"https:\/\/www.hoerandlhof.at\/en\/wp-json\/wp\/v2\/pages\/1344\/revisions\/2469"}],"up":[{"embeddable":true,"href":"https:\/\/www.hoerandlhof.at\/en\/wp-json\/wp\/v2\/pages\/6"}],"wp:attachment":[{"href":"https:\/\/www.hoerandlhof.at\/en\/wp-json\/wp\/v2\/media?parent=1344"}],"curies":[{"name":"wp","href":"https:\/\/api.w.org\/{rel}","templated":true}]}}